{"id":240,"date":"2018-01-16T13:27:01","date_gmt":"2018-01-16T13:27:01","guid":{"rendered":"https:\/\/archive.belbi.bg.ac.rs\/2023\/?page_id=240"},"modified":"2024-07-05T11:23:36","modified_gmt":"2024-07-05T10:23:36","slug":"local-organizing-committee","status":"publish","type":"page","link":"https:\/\/archive.belbi.bg.ac.rs\/2023\/local-organizing-committee\/","title":{"rendered":"Local Organizing Committee"},"content":{"rendered":"\n<ul>\n<li><a href=\"https:\/\/www.bio.bg.ac.rs\/osoblje\/rodic-andjela\" target=\"_blank\" rel=\"noopener\"><b>An\u0111ela Rodi\u0107<\/b><\/a><span style=\"font-weight: 400;\">, Faculty of Biology, University of Belgrade<\/span><\/li>\n\n\n\n<li><a href=\"https:\/\/www.vin.bg.ac.rs\/180\/people.php\" target=\"_blank\" rel=\"noopener\"><b>Branislava Gemovi\u0107<\/b><\/a><span style=\"font-weight: 400;\">, VINCA Institute of Nuclear Sciences, University of Belgrade<\/span><\/li>\n\n\n\n<li><a href=\"http:\/\/mail.ipb.ac.rs\/~dragovich\/\" target=\"_blank\" rel=\"noopener\"><b>Branko Dragovich<\/b><\/a><span style=\"font-weight: 400;\">, Mathematical Institute, Serbian Academy of Sciences and Arts, Belgrade<\/span><\/li>\n\n\n\n<li><a href=\"http:\/\/poincare.matf.bg.ac.rs\/~gordana\/index.html\" target=\"_blank\" rel=\"noopener\"><b>Gordana Pavlovi\u0107-Lazeti\u0107<\/b><\/a><span style=\"font-weight: 400;\">, Faculty of Mathematics, University of Belgrade<\/span><\/li>\n\n\n\n<li><a href=\"https:\/\/imgge.bg.ac.rs\/index.php\/en\/ivana-moric-en\" target=\"_blank\" rel=\"noopener\"><b>Ivana Mori\u0107<\/b><\/a><span style=\"font-weight: 400;\">, Institute of Molecular Genetics and Genetic Engineering, University of Belgrade<\/span><\/li>\n\n\n\n<li><a href=\"http:\/\/www.matf.bg.ac.rs\/~jovana.kovacevic\" target=\"_blank\" rel=\"noopener\"><b>Jovana Kova\u010devi\u0107<\/b><\/a><span style=\"font-weight: 400;\">, Faculty of Mathematics, University of Belgrade<\/span><\/li>\n\n\n\n<li><a href=\"https:\/\/www.bio.bg.ac.rs\/Marko_Djordjevic_web_site\/naslovna.html\" target=\"_blank\" rel=\"noopener\"><b>Marko \u0110or\u0111evi\u0107<\/b><\/a><span style=\"font-weight: 400;\">, Faculty of Biology, University of Belgrade<\/span><\/li>\n\n\n\n<li><a href=\"http:\/\/www.bioirc.ac.rs\/\" target=\"_blank\" rel=\"noopener\"><b>Marko \u017divanovi\u0107<\/b><\/a><span style=\"font-weight: 400;\">, Bioengineering Research and Development Center<\/span><\/li>\n\n\n\n<li><a href=\"https:\/\/www.fin.kg.ac.rs\/sr\/zaposleni\/nastavnici\/97-zaposleni\/nastavnici\/kat-prim-meh-aut-upr\/600-nenad-filipovic\" target=\"_blank\" rel=\"noopener\"><b>Nenad Filipovi\u0107<\/b><\/a><span style=\"font-weight: 400;\">, Faculty of Engineering, University of Kragujevac<\/span><\/li>\n\n\n\n<li><a href=\"http:\/\/poincare.matf.bg.ac.rs\/~nenad\/\" target=\"_blank\" rel=\"noopener\"><b>Nenad Miti\u0107<\/b><\/a><span style=\"font-weight: 400;\">, Faculty of Mathematics, University of Belgrade<\/span><\/li>\n\n\n\n<li><a href=\"https:\/\/www.vin.bg.ac.rs\/180\/people.php\" target=\"_blank\" rel=\"noopener\"><b>Radoslav Davidovi\u0107<\/b><\/a><span style=\"font-weight: 400;\">, VINCA Institute of Nuclear Sciences, University of Belgrade<\/span><\/li>\n\n\n\n<li><a href=\"http:\/\/poincare.matf.bg.ac.rs\/~smalkov\/eng\/index.php\" target=\"_blank\" rel=\"noopener\"><b>Sa\u0161a Malkov<\/b><\/a><span style=\"font-weight: 400;\">, Faculty of Mathematics, University of Belgrade<\/span><\/li>\n\n\n\n<li><a href=\"https:\/\/imgge.bg.ac.rs\/lat\/valentina-djordjevic\" target=\"_blank\" rel=\"noopener\"><b>Valentina \u0110or\u0111evi\u0107<\/b><\/a><span style=\"font-weight: 400;\">, Institute of Molecular Genetics and Genetic Engineering, University of Belgrade<\/span><\/li>\n\n\n\n<li><a href=\"https:\/\/www.dbe.uns.ac.rs\/vanredni-profesori\/zeljko-popovic\/\" target=\"_blank\" rel=\"noopener\"><b>\u017deljko D. Popovi\u0107<\/b><\/a><span style=\"font-weight: 400;\">, Faculty of Sciences, University of Novi Sad<\/span><\/li>\n<\/ul>\n","protected":false},"excerpt":{"rendered":"<p> <a class=\"continue-reading-link\" href=\"https:\/\/archive.belbi.bg.ac.rs\/2023\/local-organizing-committee\/\"><span>Continue reading<\/span><i class=\"crycon-right-dir\"><\/i><\/a> <\/p>\n","protected":false},"author":1,"featured_media":0,"parent":0,"menu_order":0,"comment_status":"closed","ping_status":"closed","template":"","meta":{"footnotes":""},"yoast_head":"<!-- This site is optimized with the Yoast SEO plugin v23.0 - https:\/\/yoast.com\/wordpress\/plugins\/seo\/ -->\n<title>Local Organizing Committee - BelBi 2023<\/title>\n<meta name=\"description\" content=\"An\u0111ela Rodi\u0107, Faculty of Biology, University of Belgrade  Branislava Gemovi\u0107, VINCA Institute of Nuclear Sciences, University of Belgrade  Branko Dragovich, Mathematical Institute, Serbian Academy of Sciences and Arts, Belgrade  Gordana Pavlovi\u0107-Lazeti\u0107, Faculty of Mathematics, University of Belgrade  Ivana Mori\u0107, Institute of Molecular Genetics and Genetic Engineering, University of Belgrade  Jovana Kova\u010devi\u0107, Faculty of Mathematics, University of Belgrade  Marko \u0110or\u0111evi\u0107, Faculty of Biology, University of Belgrade  Marko \u017divanovi\u0107, Bioengineering Research and Development Center  Nenad Filipovi\u0107, Faculty of Engineering, University of Kragujevac  Nenad Miti\u0107, Faculty of Mathematics, University of Belgrade  Radoslav Davidovi\u0107, VINCA Institute of Nuclear Sciences, University of Belgrade  Sa\u0161a Malkov, Faculty of Mathematics, University of Belgrade  Valentina \u0110or\u0111evi\u0107, Institute of Molecular Genetics and Genetic Engineering, University of Belgrade  \u017deljko D. Popovi\u0107, Faculty of Sciences, University of Novi Sad\" \/>\n<meta name=\"robots\" content=\"index, follow, max-snippet:-1, max-image-preview:large, max-video-preview:-1\" \/>\n<link rel=\"canonical\" href=\"https:\/\/archive.belbi.bg.ac.rs\/2023\/local-organizing-committee\/\" \/>\n<meta property=\"og:locale\" content=\"en_US\" \/>\n<meta property=\"og:type\" content=\"article\" \/>\n<meta property=\"og:title\" content=\"Local Organizing Committee - BelBi 2023\" \/>\n<meta property=\"og:description\" content=\"An\u0111ela Rodi\u0107, Faculty of Biology, University of Belgrade  Branislava Gemovi\u0107, VINCA Institute of Nuclear Sciences, University of Belgrade  Branko Dragovich, Mathematical Institute, Serbian Academy of Sciences and Arts, Belgrade  Gordana Pavlovi\u0107-Lazeti\u0107, Faculty of Mathematics, University of Belgrade  Ivana Mori\u0107, Institute of Molecular Genetics and Genetic Engineering, University of Belgrade  Jovana Kova\u010devi\u0107, Faculty of Mathematics, University of Belgrade  Marko \u0110or\u0111evi\u0107, Faculty of Biology, University of Belgrade  Marko \u017divanovi\u0107, Bioengineering Research and Development Center  Nenad Filipovi\u0107, Faculty of Engineering, University of Kragujevac  Nenad Miti\u0107, Faculty of Mathematics, University of Belgrade  Radoslav Davidovi\u0107, VINCA Institute of Nuclear Sciences, University of Belgrade  Sa\u0161a Malkov, Faculty of Mathematics, University of Belgrade  Valentina \u0110or\u0111evi\u0107, Institute of Molecular Genetics and Genetic Engineering, University of Belgrade  \u017deljko D. Popovi\u0107, Faculty of Sciences, University of Novi Sad\" \/>\n<meta property=\"og:url\" content=\"https:\/\/archive.belbi.bg.ac.rs\/2023\/local-organizing-committee\/\" \/>\n<meta property=\"og:site_name\" content=\"BelBi 2023\" \/>\n<meta property=\"article:modified_time\" content=\"2024-07-05T10:23:36+00:00\" \/>\n<meta name=\"twitter:card\" content=\"summary_large_image\" \/>\n<meta name=\"twitter:label1\" content=\"Est. reading time\" \/>\n\t<meta name=\"twitter:data1\" content=\"1 minute\" \/>\n<script type=\"application\/ld+json\" class=\"yoast-schema-graph\">{\"@context\":\"https:\/\/schema.org\",\"@graph\":[{\"@type\":\"WebPage\",\"@id\":\"https:\/\/archive.belbi.bg.ac.rs\/2023\/local-organizing-committee\/\",\"url\":\"https:\/\/archive.belbi.bg.ac.rs\/2023\/local-organizing-committee\/\",\"name\":\"Local Organizing Committee - BelBi 2023\",\"isPartOf\":{\"@id\":\"https:\/\/archive.belbi.bg.ac.rs\/2023\/#website\"},\"datePublished\":\"2018-01-16T13:27:01+00:00\",\"dateModified\":\"2024-07-05T10:23:36+00:00\",\"description\":\"An\u0111ela Rodi\u0107, Faculty of Biology, University of Belgrade Branislava Gemovi\u0107, VINCA Institute of Nuclear Sciences, University of Belgrade Branko Dragovich, Mathematical Institute, Serbian Academy of Sciences and Arts, Belgrade Gordana Pavlovi\u0107-Lazeti\u0107, Faculty of Mathematics, University of Belgrade Ivana Mori\u0107, Institute of Molecular Genetics and Genetic Engineering, University of Belgrade Jovana Kova\u010devi\u0107, Faculty of Mathematics, University of Belgrade Marko \u0110or\u0111evi\u0107, Faculty of Biology, University of Belgrade Marko \u017divanovi\u0107, Bioengineering Research and Development Center Nenad Filipovi\u0107, Faculty of Engineering, University of Kragujevac Nenad Miti\u0107, Faculty of Mathematics, University of Belgrade Radoslav Davidovi\u0107, VINCA Institute of Nuclear Sciences, University of Belgrade Sa\u0161a Malkov, Faculty of Mathematics, University of Belgrade Valentina \u0110or\u0111evi\u0107, Institute of Molecular Genetics and Genetic Engineering, University of Belgrade \u017deljko D. Popovi\u0107, Faculty of Sciences, University of Novi Sad\",\"breadcrumb\":{\"@id\":\"https:\/\/archive.belbi.bg.ac.rs\/2023\/local-organizing-committee\/#breadcrumb\"},\"inLanguage\":\"en-US\",\"potentialAction\":[{\"@type\":\"ReadAction\",\"target\":[\"https:\/\/archive.belbi.bg.ac.rs\/2023\/local-organizing-committee\/\"]}]},{\"@type\":\"BreadcrumbList\",\"@id\":\"https:\/\/archive.belbi.bg.ac.rs\/2023\/local-organizing-committee\/#breadcrumb\",\"itemListElement\":[{\"@type\":\"ListItem\",\"position\":1,\"name\":\"Home\",\"item\":\"https:\/\/archive.belbi.bg.ac.rs\/2023\/\"},{\"@type\":\"ListItem\",\"position\":2,\"name\":\"Local Organizing Committee\"}]},{\"@type\":\"WebSite\",\"@id\":\"https:\/\/archive.belbi.bg.ac.rs\/2023\/#website\",\"url\":\"https:\/\/archive.belbi.bg.ac.rs\/2023\/\",\"name\":\"BelBi 2023\",\"description\":\"\",\"publisher\":{\"@id\":\"https:\/\/archive.belbi.bg.ac.rs\/2023\/#organization\"},\"potentialAction\":[{\"@type\":\"SearchAction\",\"target\":{\"@type\":\"EntryPoint\",\"urlTemplate\":\"https:\/\/archive.belbi.bg.ac.rs\/2023\/?s={search_term_string}\"},\"query-input\":\"required name=search_term_string\"}],\"inLanguage\":\"en-US\"},{\"@type\":\"Organization\",\"@id\":\"https:\/\/archive.belbi.bg.ac.rs\/2023\/#organization\",\"name\":\"Belgrade Bioinformatics Conference\",\"url\":\"https:\/\/archive.belbi.bg.ac.rs\/2023\/\",\"logo\":{\"@type\":\"ImageObject\",\"inLanguage\":\"en-US\",\"@id\":\"https:\/\/archive.belbi.bg.ac.rs\/2023\/#\/schema\/logo\/image\/\",\"url\":\"https:\/\/archive.belbi.bg.ac.rs\/2023\/wp-content\/uploads\/2023\/02\/145_97_171.png\",\"contentUrl\":\"https:\/\/archive.belbi.bg.ac.rs\/2023\/wp-content\/uploads\/2023\/02\/145_97_171.png\",\"width\":278,\"height\":500,\"caption\":\"Belgrade Bioinformatics Conference\"},\"image\":{\"@id\":\"https:\/\/archive.belbi.bg.ac.rs\/2023\/#\/schema\/logo\/image\/\"}}]}<\/script>\n<!-- \/ Yoast SEO plugin. -->","yoast_head_json":{"title":"Local Organizing Committee - BelBi 2023","description":"An\u0111ela Rodi\u0107, Faculty of Biology, University of Belgrade  Branislava Gemovi\u0107, VINCA Institute of Nuclear Sciences, University of Belgrade  Branko Dragovich, Mathematical Institute, Serbian Academy of Sciences and Arts, Belgrade  Gordana Pavlovi\u0107-Lazeti\u0107, Faculty of Mathematics, University of Belgrade  Ivana Mori\u0107, Institute of Molecular Genetics and Genetic Engineering, University of Belgrade  Jovana Kova\u010devi\u0107, Faculty of Mathematics, University of Belgrade  Marko \u0110or\u0111evi\u0107, Faculty of Biology, University of Belgrade  Marko \u017divanovi\u0107, Bioengineering Research and Development Center  Nenad Filipovi\u0107, Faculty of Engineering, University of Kragujevac  Nenad Miti\u0107, Faculty of Mathematics, University of Belgrade  Radoslav Davidovi\u0107, VINCA Institute of Nuclear Sciences, University of Belgrade  Sa\u0161a Malkov, Faculty of Mathematics, University of Belgrade  Valentina \u0110or\u0111evi\u0107, Institute of Molecular Genetics and Genetic Engineering, University of Belgrade  \u017deljko D. Popovi\u0107, Faculty of Sciences, University of Novi Sad","robots":{"index":"index","follow":"follow","max-snippet":"max-snippet:-1","max-image-preview":"max-image-preview:large","max-video-preview":"max-video-preview:-1"},"canonical":"https:\/\/archive.belbi.bg.ac.rs\/2023\/local-organizing-committee\/","og_locale":"en_US","og_type":"article","og_title":"Local Organizing Committee - BelBi 2023","og_description":"An\u0111ela Rodi\u0107, Faculty of Biology, University of Belgrade  Branislava Gemovi\u0107, VINCA Institute of Nuclear Sciences, University of Belgrade  Branko Dragovich, Mathematical Institute, Serbian Academy of Sciences and Arts, Belgrade  Gordana Pavlovi\u0107-Lazeti\u0107, Faculty of Mathematics, University of Belgrade  Ivana Mori\u0107, Institute of Molecular Genetics and Genetic Engineering, University of Belgrade  Jovana Kova\u010devi\u0107, Faculty of Mathematics, University of Belgrade  Marko \u0110or\u0111evi\u0107, Faculty of Biology, University of Belgrade  Marko \u017divanovi\u0107, Bioengineering Research and Development Center  Nenad Filipovi\u0107, Faculty of Engineering, University of Kragujevac  Nenad Miti\u0107, Faculty of Mathematics, University of Belgrade  Radoslav Davidovi\u0107, VINCA Institute of Nuclear Sciences, University of Belgrade  Sa\u0161a Malkov, Faculty of Mathematics, University of Belgrade  Valentina \u0110or\u0111evi\u0107, Institute of Molecular Genetics and Genetic Engineering, University of Belgrade  \u017deljko D. Popovi\u0107, Faculty of Sciences, University of Novi Sad","og_url":"https:\/\/archive.belbi.bg.ac.rs\/2023\/local-organizing-committee\/","og_site_name":"BelBi 2023","article_modified_time":"2024-07-05T10:23:36+00:00","twitter_card":"summary_large_image","twitter_misc":{"Est. reading time":"1 minute"},"schema":{"@context":"https:\/\/schema.org","@graph":[{"@type":"WebPage","@id":"https:\/\/archive.belbi.bg.ac.rs\/2023\/local-organizing-committee\/","url":"https:\/\/archive.belbi.bg.ac.rs\/2023\/local-organizing-committee\/","name":"Local Organizing Committee - BelBi 2023","isPartOf":{"@id":"https:\/\/archive.belbi.bg.ac.rs\/2023\/#website"},"datePublished":"2018-01-16T13:27:01+00:00","dateModified":"2024-07-05T10:23:36+00:00","description":"An\u0111ela Rodi\u0107, Faculty of Biology, University of Belgrade Branislava Gemovi\u0107, VINCA Institute of Nuclear Sciences, University of Belgrade Branko Dragovich, Mathematical Institute, Serbian Academy of Sciences and Arts, Belgrade Gordana Pavlovi\u0107-Lazeti\u0107, Faculty of Mathematics, University of Belgrade Ivana Mori\u0107, Institute of Molecular Genetics and Genetic Engineering, University of Belgrade Jovana Kova\u010devi\u0107, Faculty of Mathematics, University of Belgrade Marko \u0110or\u0111evi\u0107, Faculty of Biology, University of Belgrade Marko \u017divanovi\u0107, Bioengineering Research and Development Center Nenad Filipovi\u0107, Faculty of Engineering, University of Kragujevac Nenad Miti\u0107, Faculty of Mathematics, University of Belgrade Radoslav Davidovi\u0107, VINCA Institute of Nuclear Sciences, University of Belgrade Sa\u0161a Malkov, Faculty of Mathematics, University of Belgrade Valentina \u0110or\u0111evi\u0107, Institute of Molecular Genetics and Genetic Engineering, University of Belgrade \u017deljko D. Popovi\u0107, Faculty of Sciences, University of Novi Sad","breadcrumb":{"@id":"https:\/\/archive.belbi.bg.ac.rs\/2023\/local-organizing-committee\/#breadcrumb"},"inLanguage":"en-US","potentialAction":[{"@type":"ReadAction","target":["https:\/\/archive.belbi.bg.ac.rs\/2023\/local-organizing-committee\/"]}]},{"@type":"BreadcrumbList","@id":"https:\/\/archive.belbi.bg.ac.rs\/2023\/local-organizing-committee\/#breadcrumb","itemListElement":[{"@type":"ListItem","position":1,"name":"Home","item":"https:\/\/archive.belbi.bg.ac.rs\/2023\/"},{"@type":"ListItem","position":2,"name":"Local Organizing Committee"}]},{"@type":"WebSite","@id":"https:\/\/archive.belbi.bg.ac.rs\/2023\/#website","url":"https:\/\/archive.belbi.bg.ac.rs\/2023\/","name":"BelBi 2023","description":"","publisher":{"@id":"https:\/\/archive.belbi.bg.ac.rs\/2023\/#organization"},"potentialAction":[{"@type":"SearchAction","target":{"@type":"EntryPoint","urlTemplate":"https:\/\/archive.belbi.bg.ac.rs\/2023\/?s={search_term_string}"},"query-input":"required name=search_term_string"}],"inLanguage":"en-US"},{"@type":"Organization","@id":"https:\/\/archive.belbi.bg.ac.rs\/2023\/#organization","name":"Belgrade Bioinformatics Conference","url":"https:\/\/archive.belbi.bg.ac.rs\/2023\/","logo":{"@type":"ImageObject","inLanguage":"en-US","@id":"https:\/\/archive.belbi.bg.ac.rs\/2023\/#\/schema\/logo\/image\/","url":"https:\/\/archive.belbi.bg.ac.rs\/2023\/wp-content\/uploads\/2023\/02\/145_97_171.png","contentUrl":"https:\/\/archive.belbi.bg.ac.rs\/2023\/wp-content\/uploads\/2023\/02\/145_97_171.png","width":278,"height":500,"caption":"Belgrade Bioinformatics Conference"},"image":{"@id":"https:\/\/archive.belbi.bg.ac.rs\/2023\/#\/schema\/logo\/image\/"}}]}},"_links":{"self":[{"href":"https:\/\/archive.belbi.bg.ac.rs\/2023\/wp-json\/wp\/v2\/pages\/240"}],"collection":[{"href":"https:\/\/archive.belbi.bg.ac.rs\/2023\/wp-json\/wp\/v2\/pages"}],"about":[{"href":"https:\/\/archive.belbi.bg.ac.rs\/2023\/wp-json\/wp\/v2\/types\/page"}],"author":[{"embeddable":true,"href":"https:\/\/archive.belbi.bg.ac.rs\/2023\/wp-json\/wp\/v2\/users\/1"}],"replies":[{"embeddable":true,"href":"https:\/\/archive.belbi.bg.ac.rs\/2023\/wp-json\/wp\/v2\/comments?post=240"}],"version-history":[{"count":21,"href":"https:\/\/archive.belbi.bg.ac.rs\/2023\/wp-json\/wp\/v2\/pages\/240\/revisions"}],"predecessor-version":[{"id":3450,"href":"https:\/\/archive.belbi.bg.ac.rs\/2023\/wp-json\/wp\/v2\/pages\/240\/revisions\/3450"}],"wp:attachment":[{"href":"https:\/\/archive.belbi.bg.ac.rs\/2023\/wp-json\/wp\/v2\/media?parent=240"}],"curies":[{"name":"wp","href":"https:\/\/api.w.org\/{rel}","templated":true}]}}