{"id":1799,"date":"2022-12-02T12:50:31","date_gmt":"2022-12-02T11:50:31","guid":{"rendered":"https:\/\/archive.belbi.bg.ac.rs\/2023\/?page_id=1799"},"modified":"2023-05-27T15:59:13","modified_gmt":"2023-05-27T14:59:13","slug":"belbi2023","status":"publish","type":"page","link":"https:\/\/archive.belbi.bg.ac.rs\/2023\/belbi2023\/","title":{"rendered":"BelBi2023"},"content":{"rendered":"\n<p><strong>WELCOME TO BELBI2023!<\/strong><\/p>\n\n\n\n<p>The Belgrade Bioinformatics Conference (BelBi2023) is scheduled for June 19-23, 2023, in Belgrade, Serbia, as a hybrid event. This five-day conference will include keynote and invited talks by experienced experts, oral and poster presentations, and workshops.<\/p>\n\n\n\n<p>The main goal of the BelBi conferences is to foster contacts between scientists to share experiences, disseminate the latest information on advances in their fields, gain and increase the visibility of their research, and bring young researchers together with peers and senior colleagues.<\/p>\n\n\n\n<p>We sincerely hope that BelBi2023 will serve as an international platform for researchers from around the world to meet, initiate new collaborations, and expand professional contacts.<\/p>\n\n\n\n<p>We look forward to welcoming you to Belgrade for this inspiring conference!<\/p>\n\n\n\n<p>On behalf of the Organizing Committee,<br>Dr Valentina \u0110or\u0111evi\u0107 &amp; Dr Ivana Mori\u0107<\/p>\n\n\n\n<p><\/p>\n","protected":false},"excerpt":{"rendered":"<p>WELCOME TO BELBI2023! The Belgrade Bioinformatics Conference (BelBi2023) is scheduled for June 19-23, 2023, in Belgrade, Serbia, as a hybrid event. This five-day conference will include keynote and invited talks by experienced experts, oral and poster presentations, and workshops. The main goal of the BelBi conferences is to foster contacts\u2026<\/p>\n<p> <a class=\"continue-reading-link\" href=\"https:\/\/archive.belbi.bg.ac.rs\/2023\/belbi2023\/\"><span>Continue reading<\/span><i class=\"crycon-right-dir\"><\/i><\/a> <\/p>\n","protected":false},"author":1,"featured_media":0,"parent":0,"menu_order":0,"comment_status":"closed","ping_status":"closed","template":"","meta":{"footnotes":""},"yoast_head":"<!-- This site is optimized with the Yoast SEO plugin v23.0 - https:\/\/yoast.com\/wordpress\/plugins\/seo\/ -->\n<title>BelBi2023 - BelBi 2023<\/title>\n<meta name=\"description\" content=\"WELCOME TO BELBI2023!  The Belgrade Bioinformatics Conference (BelBi2023) is scheduled for June 19-23, 2023, in Belgrade, Serbia, as a hybrid event. This five-day conference will include keynote and invited talks by experienced experts, oral and poster presentations, and workshops.  The main goal of the BelBi conferences is to foster contacts between scientists to share experiences, disseminate the latest information on advances in their fields, gain and increase the visibility of their research, and bring young researchers together with peers and senior colleagues.  We sincerely hope that BelBi2023 will serve as an international platform for researchers from around the world to meet, initiate new collaborations, and expand professional contacts.  We look forward to welcoming you to Belgrade for this inspiring conference!  On behalf of the Organizing Committee,Dr Valentina \u0110or\u0111evi\u0107 &amp; Dr Ivana Mori\u0107\" \/>\n<meta name=\"robots\" content=\"noindex, follow\" \/>\n<meta property=\"og:locale\" content=\"en_US\" \/>\n<meta property=\"og:type\" content=\"article\" \/>\n<meta property=\"og:title\" content=\"BelBi2023 - BelBi 2023\" \/>\n<meta property=\"og:description\" content=\"WELCOME TO BELBI2023!  The Belgrade Bioinformatics Conference (BelBi2023) is scheduled for June 19-23, 2023, in Belgrade, Serbia, as a hybrid event. This five-day conference will include keynote and invited talks by experienced experts, oral and poster presentations, and workshops.  The main goal of the BelBi conferences is to foster contacts between scientists to share experiences, disseminate the latest information on advances in their fields, gain and increase the visibility of their research, and bring young researchers together with peers and senior colleagues.  We sincerely hope that BelBi2023 will serve as an international platform for researchers from around the world to meet, initiate new collaborations, and expand professional contacts.  We look forward to welcoming you to Belgrade for this inspiring conference!  On behalf of the Organizing Committee,Dr Valentina \u0110or\u0111evi\u0107 &amp; Dr Ivana Mori\u0107\" \/>\n<meta property=\"og:url\" content=\"https:\/\/archive.belbi.bg.ac.rs\/2023\/belbi2023\/\" \/>\n<meta property=\"og:site_name\" content=\"BelBi 2023\" \/>\n<meta property=\"article:modified_time\" content=\"2023-05-27T14:59:13+00:00\" \/>\n<meta name=\"twitter:card\" content=\"summary_large_image\" \/>\n<meta name=\"twitter:label1\" content=\"Est. reading time\" \/>\n\t<meta name=\"twitter:data1\" content=\"1 minute\" \/>\n<script type=\"application\/ld+json\" class=\"yoast-schema-graph\">{\"@context\":\"https:\/\/schema.org\",\"@graph\":[{\"@type\":\"WebPage\",\"@id\":\"https:\/\/archive.belbi.bg.ac.rs\/2023\/belbi2023\/\",\"url\":\"https:\/\/archive.belbi.bg.ac.rs\/2023\/belbi2023\/\",\"name\":\"BelBi2023 - BelBi 2023\",\"isPartOf\":{\"@id\":\"https:\/\/archive.belbi.bg.ac.rs\/2023\/#website\"},\"datePublished\":\"2022-12-02T11:50:31+00:00\",\"dateModified\":\"2023-05-27T14:59:13+00:00\",\"description\":\"WELCOME TO BELBI2023! The Belgrade Bioinformatics Conference (BelBi2023) is scheduled for June 19-23, 2023, in Belgrade, Serbia, as a hybrid event. This five-day conference will include keynote and invited talks by experienced experts, oral and poster presentations, and workshops. The main goal of the BelBi conferences is to foster contacts between scientists to share experiences, disseminate the latest information on advances in their fields, gain and increase the visibility of their research, and bring young researchers together with peers and senior colleagues. We sincerely hope that BelBi2023 will serve as an international platform for researchers from around the world to meet, initiate new collaborations, and expand professional contacts. We look forward to welcoming you to Belgrade for this inspiring conference! On behalf of the Organizing Committee,Dr Valentina \u0110or\u0111evi\u0107 &amp; Dr Ivana Mori\u0107\",\"breadcrumb\":{\"@id\":\"https:\/\/archive.belbi.bg.ac.rs\/2023\/belbi2023\/#breadcrumb\"},\"inLanguage\":\"en-US\",\"potentialAction\":[{\"@type\":\"ReadAction\",\"target\":[\"https:\/\/archive.belbi.bg.ac.rs\/2023\/belbi2023\/\"]}]},{\"@type\":\"BreadcrumbList\",\"@id\":\"https:\/\/archive.belbi.bg.ac.rs\/2023\/belbi2023\/#breadcrumb\",\"itemListElement\":[{\"@type\":\"ListItem\",\"position\":1,\"name\":\"Home\",\"item\":\"https:\/\/archive.belbi.bg.ac.rs\/2023\/\"},{\"@type\":\"ListItem\",\"position\":2,\"name\":\"BelBi2023\"}]},{\"@type\":\"WebSite\",\"@id\":\"https:\/\/archive.belbi.bg.ac.rs\/2023\/#website\",\"url\":\"https:\/\/archive.belbi.bg.ac.rs\/2023\/\",\"name\":\"BelBi 2023\",\"description\":\"\",\"publisher\":{\"@id\":\"https:\/\/archive.belbi.bg.ac.rs\/2023\/#organization\"},\"potentialAction\":[{\"@type\":\"SearchAction\",\"target\":{\"@type\":\"EntryPoint\",\"urlTemplate\":\"https:\/\/archive.belbi.bg.ac.rs\/2023\/?s={search_term_string}\"},\"query-input\":\"required name=search_term_string\"}],\"inLanguage\":\"en-US\"},{\"@type\":\"Organization\",\"@id\":\"https:\/\/archive.belbi.bg.ac.rs\/2023\/#organization\",\"name\":\"Belgrade Bioinformatics Conference\",\"url\":\"https:\/\/archive.belbi.bg.ac.rs\/2023\/\",\"logo\":{\"@type\":\"ImageObject\",\"inLanguage\":\"en-US\",\"@id\":\"https:\/\/archive.belbi.bg.ac.rs\/2023\/#\/schema\/logo\/image\/\",\"url\":\"https:\/\/archive.belbi.bg.ac.rs\/2023\/wp-content\/uploads\/2023\/02\/145_97_171.png\",\"contentUrl\":\"https:\/\/archive.belbi.bg.ac.rs\/2023\/wp-content\/uploads\/2023\/02\/145_97_171.png\",\"width\":278,\"height\":500,\"caption\":\"Belgrade Bioinformatics Conference\"},\"image\":{\"@id\":\"https:\/\/archive.belbi.bg.ac.rs\/2023\/#\/schema\/logo\/image\/\"}}]}<\/script>\n<!-- \/ Yoast SEO plugin. -->","yoast_head_json":{"title":"BelBi2023 - BelBi 2023","description":"WELCOME TO BELBI2023!  The Belgrade Bioinformatics Conference (BelBi2023) is scheduled for June 19-23, 2023, in Belgrade, Serbia, as a hybrid event. This five-day conference will include keynote and invited talks by experienced experts, oral and poster presentations, and workshops.  The main goal of the BelBi conferences is to foster contacts between scientists to share experiences, disseminate the latest information on advances in their fields, gain and increase the visibility of their research, and bring young researchers together with peers and senior colleagues.  We sincerely hope that BelBi2023 will serve as an international platform for researchers from around the world to meet, initiate new collaborations, and expand professional contacts.  We look forward to welcoming you to Belgrade for this inspiring conference!  On behalf of the Organizing Committee,Dr Valentina \u0110or\u0111evi\u0107 &amp; Dr Ivana Mori\u0107","robots":{"index":"noindex","follow":"follow"},"og_locale":"en_US","og_type":"article","og_title":"BelBi2023 - BelBi 2023","og_description":"WELCOME TO BELBI2023!  The Belgrade Bioinformatics Conference (BelBi2023) is scheduled for June 19-23, 2023, in Belgrade, Serbia, as a hybrid event. This five-day conference will include keynote and invited talks by experienced experts, oral and poster presentations, and workshops.  The main goal of the BelBi conferences is to foster contacts between scientists to share experiences, disseminate the latest information on advances in their fields, gain and increase the visibility of their research, and bring young researchers together with peers and senior colleagues.  We sincerely hope that BelBi2023 will serve as an international platform for researchers from around the world to meet, initiate new collaborations, and expand professional contacts.  We look forward to welcoming you to Belgrade for this inspiring conference!  On behalf of the Organizing Committee,Dr Valentina \u0110or\u0111evi\u0107 &amp; Dr Ivana Mori\u0107","og_url":"https:\/\/archive.belbi.bg.ac.rs\/2023\/belbi2023\/","og_site_name":"BelBi 2023","article_modified_time":"2023-05-27T14:59:13+00:00","twitter_card":"summary_large_image","twitter_misc":{"Est. reading time":"1 minute"},"schema":{"@context":"https:\/\/schema.org","@graph":[{"@type":"WebPage","@id":"https:\/\/archive.belbi.bg.ac.rs\/2023\/belbi2023\/","url":"https:\/\/archive.belbi.bg.ac.rs\/2023\/belbi2023\/","name":"BelBi2023 - BelBi 2023","isPartOf":{"@id":"https:\/\/archive.belbi.bg.ac.rs\/2023\/#website"},"datePublished":"2022-12-02T11:50:31+00:00","dateModified":"2023-05-27T14:59:13+00:00","description":"WELCOME TO BELBI2023! The Belgrade Bioinformatics Conference (BelBi2023) is scheduled for June 19-23, 2023, in Belgrade, Serbia, as a hybrid event. This five-day conference will include keynote and invited talks by experienced experts, oral and poster presentations, and workshops. The main goal of the BelBi conferences is to foster contacts between scientists to share experiences, disseminate the latest information on advances in their fields, gain and increase the visibility of their research, and bring young researchers together with peers and senior colleagues. We sincerely hope that BelBi2023 will serve as an international platform for researchers from around the world to meet, initiate new collaborations, and expand professional contacts. We look forward to welcoming you to Belgrade for this inspiring conference! On behalf of the Organizing Committee,Dr Valentina \u0110or\u0111evi\u0107 &amp; Dr Ivana Mori\u0107","breadcrumb":{"@id":"https:\/\/archive.belbi.bg.ac.rs\/2023\/belbi2023\/#breadcrumb"},"inLanguage":"en-US","potentialAction":[{"@type":"ReadAction","target":["https:\/\/archive.belbi.bg.ac.rs\/2023\/belbi2023\/"]}]},{"@type":"BreadcrumbList","@id":"https:\/\/archive.belbi.bg.ac.rs\/2023\/belbi2023\/#breadcrumb","itemListElement":[{"@type":"ListItem","position":1,"name":"Home","item":"https:\/\/archive.belbi.bg.ac.rs\/2023\/"},{"@type":"ListItem","position":2,"name":"BelBi2023"}]},{"@type":"WebSite","@id":"https:\/\/archive.belbi.bg.ac.rs\/2023\/#website","url":"https:\/\/archive.belbi.bg.ac.rs\/2023\/","name":"BelBi 2023","description":"","publisher":{"@id":"https:\/\/archive.belbi.bg.ac.rs\/2023\/#organization"},"potentialAction":[{"@type":"SearchAction","target":{"@type":"EntryPoint","urlTemplate":"https:\/\/archive.belbi.bg.ac.rs\/2023\/?s={search_term_string}"},"query-input":"required name=search_term_string"}],"inLanguage":"en-US"},{"@type":"Organization","@id":"https:\/\/archive.belbi.bg.ac.rs\/2023\/#organization","name":"Belgrade Bioinformatics Conference","url":"https:\/\/archive.belbi.bg.ac.rs\/2023\/","logo":{"@type":"ImageObject","inLanguage":"en-US","@id":"https:\/\/archive.belbi.bg.ac.rs\/2023\/#\/schema\/logo\/image\/","url":"https:\/\/archive.belbi.bg.ac.rs\/2023\/wp-content\/uploads\/2023\/02\/145_97_171.png","contentUrl":"https:\/\/archive.belbi.bg.ac.rs\/2023\/wp-content\/uploads\/2023\/02\/145_97_171.png","width":278,"height":500,"caption":"Belgrade Bioinformatics Conference"},"image":{"@id":"https:\/\/archive.belbi.bg.ac.rs\/2023\/#\/schema\/logo\/image\/"}}]}},"_links":{"self":[{"href":"https:\/\/archive.belbi.bg.ac.rs\/2023\/wp-json\/wp\/v2\/pages\/1799"}],"collection":[{"href":"https:\/\/archive.belbi.bg.ac.rs\/2023\/wp-json\/wp\/v2\/pages"}],"about":[{"href":"https:\/\/archive.belbi.bg.ac.rs\/2023\/wp-json\/wp\/v2\/types\/page"}],"author":[{"embeddable":true,"href":"https:\/\/archive.belbi.bg.ac.rs\/2023\/wp-json\/wp\/v2\/users\/1"}],"replies":[{"embeddable":true,"href":"https:\/\/archive.belbi.bg.ac.rs\/2023\/wp-json\/wp\/v2\/comments?post=1799"}],"version-history":[{"count":4,"href":"https:\/\/archive.belbi.bg.ac.rs\/2023\/wp-json\/wp\/v2\/pages\/1799\/revisions"}],"predecessor-version":[{"id":1909,"href":"https:\/\/archive.belbi.bg.ac.rs\/2023\/wp-json\/wp\/v2\/pages\/1799\/revisions\/1909"}],"wp:attachment":[{"href":"https:\/\/archive.belbi.bg.ac.rs\/2023\/wp-json\/wp\/v2\/media?parent=1799"}],"curies":[{"name":"wp","href":"https:\/\/api.w.org\/{rel}","templated":true}]}}